{"id":1252,"date":"2020-02-28T14:34:57","date_gmt":"2020-02-28T19:34:57","guid":{"rendered":"https:\/\/www.asphalteelite.com\/?page_id=1252"},"modified":"2024-02-08T01:10:07","modified_gmt":"2024-02-08T06:10:07","slug":"laval-quebec","status":"publish","type":"page","link":"https:\/\/www.asphalteelite.com\/en\/laval-quebec\/","title":{"rendered":"ASPHALT PAVING CONTRACTOR IN LAVAL"},"content":{"rendered":"<div class=\"wpb-content-wrapper\"><p>[vc_row parallax_scroll_effect=&#8221;fixed&#8221; css=&#8221;.vc_custom_1582651910497{background-color: #ffffff !important;}&#8221;][vc_column][vc_row_inner css=&#8221;.vc_custom_1588696372238{background-color: #ff5722 !important;}&#8221; el_class=&#8221;bgblack&#8221;][vc_column_inner][vc_cta h2=&#8221;Asphalt Paving Work Quote Request in Laval&#8221; h2_font_container=&#8221;font_size:30|color:%23ffffff|line_height:1.7&#8243; h2_google_fonts=&#8221;font_family:Oswald%3A300%2Cregular%2C700|font_style:400%20regular%3A400%3Anormal&#8221; txt_align=&#8221;center&#8221; shape=&#8221;square&#8221; style=&#8221;custom&#8221; add_button=&#8221;right&#8221; btn_title=&#8221;Submission Request&#8221; btn_style=&#8221;outline-custom&#8221; btn_outline_custom_color=&#8221;#ffffff&#8221; btn_outline_custom_hover_background=&#8221;#42f900&#8243; btn_outline_custom_hover_text=&#8221;#ffffff&#8221; btn_shape=&#8221;square&#8221; use_custom_fonts_h2=&#8221;true&#8221; el_class=&#8221;bgwhite&#8221; css=&#8221;.vc_custom_1655113459051{background-color: #ff5722 !important;}&#8221; custom_text=&#8221;#ffffff&#8221; btn_link=&#8221;url:https%3A%2F%2Fwww.asphalteelite.com%2Fen%2Fcontact-us%2F|||&#8221;][\/vc_cta][\/vc_column_inner][\/vc_row_inner][\/vc_column][\/vc_row][vc_row layout=&#8221;boxed&#8221; parallax_scroll_effect=&#8221;fixed&#8221; el_class=&#8221;margin-top-40&#8243;][vc_column width=&#8221;3\/4&#8243;][vc_custom_heading text=&#8221;LAVAL, QUEBEC&#8221; font_container=&#8221;tag:h2|font_size:30|text_align:left|color:%230f0f0f&#8221; use_theme_fonts=&#8221;yes&#8221;][vc_custom_heading text=&#8221;About Our Business&#8221; use_theme_fonts=&#8221;yes&#8221;][vc_empty_space][vc_column_text]<\/p>\n<p style=\"text-align: left;\">If you are looking for a paving company for asphalt paving services in Laval, Asphalte Laval is simply the best option. Choosing the right asphalt paving contractor in Laval is important to ensure safe and durable paving work. With over 25 years of experience in the industry, Asphalte Laval offers a wide range of asphalt services in Laval for customers in residential, commercial, and industrial areas.<\/p>\n<p style=\"text-align: left;\">Whether you are looking for asphalt paving, asphalt sealer service, full paving, different asphalt repairs, or asphalt resurfacing in Laval; we can take care of your asphalt project. Contact us for your Laval asphalt work. We will assess your needs and recommend the best solutions. With over 15,000 satisfied customers, we are sure to offer the best asphalt services Laval has seen.<\/p>\n<p>[\/vc_column_text][vc_empty_space height=&#8221;52px&#8221;][vc_single_image image=&#8221;4020&#8243; img_size=&#8221;full&#8221; alignment=&#8221;center&#8221;][vc_empty_space height=&#8221;62px&#8221;][vc_custom_heading text=&#8221;Laval Asphalt; Laval, Quebec&#8221; use_theme_fonts=&#8221;yes&#8221;]<div id=\"ultimate-video-484869f21822b5f5e\" class=\"ult-video  ult-adjust-bottom-margin ultimate-video-484869f21822b5f5e ultv-1874 \"><div class=\"ultv-video ultv-aspect-ratio-16_9 ultv-subscribe-responsive-none\" data-videotype=\"uv_iframe\">\n\t\t\t\t\t\t<div class=\"ultv-video__outer-wrap\" data-autoplay=\"0\" data-device=\"false\"  data-iconbg=\"#3A3A3A\" data-overcolor=\"\" data-defaultbg=\"#1f1f1e\" data-defaultplay=\"defaulticon\"><div class=\"ultv-video__play\" data-src=\"https:\/\/www.youtube-nocookie.com\/embed\/E4eWIXmt7As?rel=0&#038;start&#038;end&#038;controls=1&#038;mute=0&#038;modestbranding=0&#038;autoplay=1\">\n\t\t\t\t\t\t\t\t<img decoding=\"async\" class=\"ultv-video__thumb\" src=\"https:\/\/i.ytimg.com\/vi\/E4eWIXmt7As\/maxresdefault.jpg\"\/>\n\t\t\t\t\t\t\t\t<div class=\"ultv-video__play-icon  ultv-animation-none\" style=\"width:75px\"><svg height=\"100%\" version=\"1.1\" viewBox=\"0 0 68 48\" width=\"100%\"><path class=\"ultv-youtube-icon-bg\" d=\"m .66,37.62 c 0,0 .66,4.70 2.70,6.77 2.58,2.71 5.98,2.63 7.49,2.91 5.43,.52 23.10,.68 23.12,.68 .00,-1.3e-5 14.29,-0.02 23.81,-0.71 1.32,-0.15 4.22,-0.17 6.81,-2.89 2.03,-2.07 2.70,-6.77 2.70,-6.77 0,0 .67,-5.52 .67,-11.04 l 0,-5.17 c 0,-5.52 -0.67,-11.04 -0.67,-11.04 0,0 -0.66,-4.70 -2.70,-6.77 C 62.03,.86 59.13,.84 57.80,.69 48.28,0 34.00,0 34.00,0 33.97,0 19.69,0 10.18,.69 8.85,.84 5.95,.86 3.36,3.58 1.32,5.65 .66,10.35 .66,10.35 c 0,0 -0.55,4.50 -0.66,9.45 l 0,8.36 c .10,4.94 .66,9.45 .66,9.45 z\" fill=\"#1f1f1e\" ><\/path><path d=\"m 26.96,13.67 18.37,9.62 -18.37,9.55 -0.00,-19.17 z\" fill=\"#fff\"><\/path><path d=\"M 45.02,23.46 45.32,23.28 26.96,13.67 43.32,22.34 45.02,23.46 z\" fill=\"#ccc\"><\/path><\/svg><\/div> <\/div> <\/div><\/div><\/div>[vc_empty_space height=&#8221;52px&#8221;][vc_row_inner][vc_column_inner width=&#8221;1\/2&#8243;][vc_custom_heading text=&#8221;SERVICES WE PROVIDE&#8221; use_theme_fonts=&#8221;yes&#8221;][vc_column_text]<\/p>\n<ul>\n<li><a href=\"https:\/\/www.asphalteelite.com\/en\/asphalt\/\">ASPHALT<\/a><\/li>\n<li><a href=\"https:\/\/www.asphalteelite.com\/en\/asphalt-repair\/\">ASPHALT REPAIR<\/a><\/li>\n<li><a href=\"https:\/\/www.asphalteelite.com\/en\/asphalt-resurfacing\/\">ASPHALT RESURFACING<\/a><\/li>\n<li><a href=\"https:\/\/www.asphalteelite.com\/en\/complete-paving\/\">COMPLETE ASPHALT PAVING<\/a><\/li>\n<li><a href=\"https:\/\/www.asphalteelite.com\/en\/asphalt-sealer\/\">ASPHALT SEALER<\/a><\/li>\n<li><a href=\"https:\/\/www.asphalteelite.com\/en\/mini-excavations\/\">MINI-EXCAVATION<\/a><\/li>\n<li><a href=\"https:\/\/www.asphalteelite.com\/en\/frenchdrain\/\">FRENCH DRAIN<\/a><\/li>\n<\/ul>\n<p>[\/vc_column_text][vc_empty_space height=&#8221;52px&#8221;][vc_custom_heading text=&#8221;Our Asphalte Laval Review Sites&#8221; use_theme_fonts=&#8221;yes&#8221;][vc_column_text]<\/p>\n<ul>\n<li>Facebook<\/li>\n<li>Yellow Pages<\/li>\n<li>Yelp<\/li>\n<\/ul>\n<p>[\/vc_column_text][vc_empty_space height=&#8221;52px&#8221;][\/vc_column_inner][vc_column_inner width=&#8221;1\/2&#8243;][vc_empty_space][vc_single_image image=&#8221;4143&#8243; img_size=&#8221;medium&#8221;][\/vc_column_inner][\/vc_row_inner][vc_row_inner][vc_column_inner width=&#8221;1\/2&#8243;][vc_custom_heading text=&#8221;Proudly Serving&#8221; use_theme_fonts=&#8221;yes&#8221;][vc_column_text]<\/p>\n<ul>\n<li><a href=\"https:\/\/www.laval.ca\/histoire-et-patrimoine\/Pages\/Fr\/sainte-dorothee.aspx\" target=\"_blank\" rel=\"noopener\">Sainte-Doroth\u00e9e, Laval, QC <\/a><\/li>\n<li><a href=\"https:\/\/fr.wikipedia.org\/wiki\/Fabreville\" target=\"_blank\" rel=\"noopener\">Fabreville, Laval, QC<\/a><\/li>\n<li><a href=\"https:\/\/en.wikipedia.org\/wiki\/Chomedey,_Quebec\" target=\"_blank\" rel=\"noopener\">Chomedey, Laval, QC<\/a><\/li>\n<li><a href=\"https:\/\/en.wikipedia.org\/wiki\/Laval-des-Rapides\" target=\"_blank\" rel=\"noopener\">Laval-des-Rapides, Laval, QC<\/a><\/li>\n<li><a href=\"https:\/\/en.wikipedia.org\/wiki\/Pont-Viau,_Quebec\" target=\"_blank\" rel=\"noopener\">Pont-Viau, Laval, QC<\/a><\/li>\n<\/ul>\n<p>[\/vc_column_text][vc_empty_space height=&#8221;52px&#8221;][vc_custom_heading text=&#8221;Feel Free to Share This Page&#8221; use_theme_fonts=&#8221;yes&#8221;]<div class=\"  uavc-icons \">\n<a class=\"aio-tooltip 69f21822b6141\" href=\"https:\/\/www.facebook.com\/\" title=\"\" target=\"_blank\" rel=\"nofollow noopener\" data-toggle=\"tooltip\" data-placement=\"\"><div class=\"aio-icon  \" data-animation=\"\" data-animation-delay=\"03\" style=\"font-size:32px;margin-right:5px;\">\n\t<i class=\"Defaults-facebook-square\"><\/i>\n<\/div><\/a>\n<div class=\"aio-icon  \" data-animation=\"\" data-animation-delay=\"03\" style=\"font-size:32px;margin-right:5px;\">\n\t<i class=\"Defaults-twitter-square\"><\/i>\n<\/div>\n<div class=\"aio-icon  \" data-animation=\"\" data-animation-delay=\"03\" style=\"font-size:32px;margin-right:5px;\">\n\t<i class=\"Defaults-instagram\"><\/i>\n<\/div><\/div>[\/vc_column_inner][vc_column_inner width=&#8221;1\/2&#8243;][vc_empty_space][vc_column_text]<\/p>\n<ul>\n<li><a href=\"https:\/\/www.laval.ca\/lieux\/Pages\/Fr\/centre-communautaire-champfleury.aspx\" target=\"_blank\" rel=\"noopener\">Champfleury, Laval, QC<\/a><\/li>\n<li><a href=\"https:\/\/en.wikipedia.org\/wiki\/Sainte-Rose,_Quebec\" target=\"_blank\" rel=\"noopener\">Sainte-Rose, Laval, QC<\/a><\/li>\n<li><a href=\"https:\/\/en.wikipedia.org\/wiki\/Duvernay,_Quebec\" target=\"_blank\" rel=\"noopener\">Duvernay, Laval, QC<\/a><\/li>\n<li><a href=\"https:\/\/en.wikipedia.org\/wiki\/Saint-Vincent-de-Paul,_Quebec\" target=\"_blank\" rel=\"noopener\">Saint-Vincent-de-Paul, Laval, QC<\/a><\/li>\n<li><a href=\"https:\/\/en.wikipedia.org\/wiki\/Saint-Fran%C3%A7ois,_Laval\" target=\"_blank\" rel=\"noopener\">Saint-Francois, Laval, QC<\/a><\/li>\n<\/ul>\n<p>[\/vc_column_text][\/vc_column_inner][\/vc_row_inner][\/vc_column][vc_column width=&#8221;1\/4&#8243;][vc_custom_heading text=&#8221;LOCATION&#8221; font_container=&#8221;tag:h2|font_size:24|text_align:left&#8221; google_fonts=&#8221;font_family:Oswald%3A300%2Cregular%2C700|font_style:400%20regular%3A400%3Anormal&#8221;][vc_custom_heading text=&#8221;Asphalte Laval&#8221; font_container=&#8221;tag:h4|font_size:24|text_align:left&#8221; google_fonts=&#8221;font_family:Oswald%3A300%2Cregular%2C700|font_style:400%20regular%3A400%3Anormal&#8221;][vc_column_text]<\/p>\n<ul class=\"\">\n<li><i class=\"fa fa-map-marker\"><\/i><i class=\"fa fa-map-marker\">898 Rue Bergar, Laval, QC H7L 5A1<\/i><\/li>\n<li><i class=\"fa fa-envelope-o\"><\/i> info@asphalteelite.com<\/li>\n<li><i class=\"fa fa-phone\"><\/i>514-316-6411<\/li>\n<\/ul>\n<p>[\/vc_column_text][vc_empty_space height=&#8221;22px&#8221;][vc_custom_heading text=&#8221;DIRECTION&#8221; font_container=&#8221;tag:h2|font_size:24|text_align:left&#8221; google_fonts=&#8221;font_family:Oswald%3A300%2Cregular%2C700|font_style:400%20regular%3A400%3Anormal&#8221;][vc_column_text]Direction[\/vc_column_text][vc_empty_space height=&#8221;22px&#8221;][vc_custom_heading text=&#8221;Google Map&#8221; font_container=&#8221;tag:h2|font_size:24|text_align:left&#8221; use_theme_fonts=&#8221;yes&#8221;][vc_gmaps link=&#8221;#E-8_JTNDaWZyYW1lJTIwc3JjJTNEJTIyaHR0cHMlM0ElMkYlMkZ3d3cuZ29vZ2xlLmNvbSUyRm1hcHMlMkZlbWJlZCUzRnBiJTNEJTIxMW0xOCUyMTFtMTIlMjExbTMlMjExZDM1NzIyMy41NjUwMjIzMDcyJTIxMmQtNzMuNjgxMzYyOTUlMjEzZDQ1LjYxNDQ4MDElMjEybTMlMjExZjAlMjEyZjAlMjEzZjAlMjEzbTIlMjExaTEwMjQlMjEyaTc2OCUyMTRmMTMuMSUyMTNtMyUyMTFtMiUyMTFzMHgwJTI1M0EweGQwM2M0ZmIxNjFiNjFkMTklMjEyc0FzcGhhbHRlJTI1MjAlMjVDMyUyNTg5bGl0ZSUyMTVlMCUyMTNtMiUyMTFzZW4lMjEyc2NhJTIxNHYxNjU0NzQxNTAyODExJTIxNW0yJTIxMXNlbiUyMTJzY2ElMjIlMjB3aWR0aCUzRCUyMjQwMCUyMiUyMGhlaWdodCUzRCUyMjMwMCUyMiUyMHN0eWxlJTNEJTIyYm9yZGVyJTNBMCUzQiUyMiUyMGFsbG93ZnVsbHNjcmVlbiUzRCUyMiUyMiUyMGxvYWRpbmclM0QlMjJsYXp5JTIyJTIwcmVmZXJyZXJwb2xpY3klM0QlMjJuby1yZWZlcnJlci13aGVuLWRvd25ncmFkZSUyMiUzRSUzQyUyRmlmcmFtZSUzRQ==&#8221;][vc_empty_space height=&#8221;22px&#8221;][vc_custom_heading text=&#8221;Latest Reviews&#8221; use_theme_fonts=&#8221;yes&#8221;][vc_column_text]<\/p>\n<h4 style=\"text-align: center; line-height: 1;\"><a href=\"https:\/\/goo.gl\/maps\/9HZ4SSwGxnJNUxap9\" target=\"_blank\" rel=\"noopener\">Good honest and thank you so much for your professionalism and quality job! Fast and great <\/a><a href=\"https:\/\/goo.gl\/maps\/9HZ4SSwGxnJNUxap9\" target=\"_blank\" rel=\"noopener\">service. Very happy with result!\ud83d\udc4d\ud83d\udc4d\ud83d\udc4d Couldn\u2019t look better. Thank you so much from <\/a><a href=\"https:\/\/goo.gl\/maps\/9HZ4SSwGxnJNUxap9\" target=\"_blank\" rel=\"noopener\">Iryna and Carl reliable asphalt cie I highly recommend<\/a><\/h4>\n<h2 style=\"color: #fee800; line-height: 1; text-align: center;\">*****<\/h2>\n<p>[\/vc_column_text][vc_column_text]<\/p>\n<h4 style=\"text-align: center; line-height: 1;\"><a href=\"https:\/\/g.co\/kgs\/DDTSmr\">Good honest and reliable asphalt cue I highly recommend<\/a><\/h4>\n<h2 style=\"color: #fee800; line-height: 1; text-align: center;\">*****<\/h2>\n<p>[\/vc_column_text][vc_column_text]<\/p>\n<h4 style=\"text-align: center; line-height: 1;\"><a href=\"https:\/\/g.co\/kgs\/rRvCf4\">F\u00e9licitations. Le service tr\u00e8s courtoise \u00e0 L&#8217;\u00e9coute de mes besoins et mon budget, toujours pr\u00eate \u00e0 r\u00e9pondre \u00e0 mes questions, vraiment tr\u00e8s patient. La qualit\u00e9 de travail exellet. Merci beaocup<\/a><\/h4>\n<h2 style=\"color: #fee800; line-height: 1; text-align: center;\"><a href=\"https:\/\/g.co\/kgs\/rRvCf4\">*****<\/a><\/h2>\n<p>[\/vc_column_text][vc_empty_space height=&#8221;22px&#8221;][vc_custom_heading text=&#8221;Specialized Categories&#8221; use_theme_fonts=&#8221;yes&#8221;][vc_column_text]<\/p>\n<ul>\n<li><a href=\"https:\/\/www.asphalteelite.com\/en\/\">Asphalt paving contractor<\/a><\/li>\n<li><a href=\"https:\/\/www.asphalteelite.com\/en\/\">Asphalt contractor<\/a><\/li>\n<\/ul>\n<p>[\/vc_column_text][vc_empty_space height=&#8221;22px&#8221;][vc_custom_heading text=&#8221;Office Hours&#8221; use_theme_fonts=&#8221;yes&#8221;][vc_column_text]<\/p>\n<table>\n<tbody>\n<tr>\n<td>Monday<\/td>\n<td>07.00 am-08.00 pm<\/td>\n<\/tr>\n<tr>\n<td>Tuesday<\/td>\n<td>07.00 am-08.00 pm<\/td>\n<\/tr>\n<tr>\n<td>Wednesday<\/td>\n<td>07.00 am-08.00 pm<\/td>\n<\/tr>\n<tr>\n<td>Thursday<\/td>\n<td>07.00 am-08.00 pm<\/td>\n<\/tr>\n<tr>\n<td>Friday<\/td>\n<td>07.00 am-08.00 pm<\/td>\n<\/tr>\n<tr>\n<td>Saturday<\/td>\n<td>08.00 am-05.00 pm<\/td>\n<\/tr>\n<tr>\n<td>Sunday<\/td>\n<td>Closed<\/td>\n<\/tr>\n<\/tbody>\n<\/table>\n<p>[\/vc_column_text][vc_empty_space height=&#8221;22px&#8221;][vc_column_text]<\/p>\n<h2 style=\"text-align: left; line-height: 1;\">Accepted Payments<\/h2>\n<p style=\"text-align: left; line-height: 1;\">We accept cash, cheque, and e-transfer<\/p>\n<p>[\/vc_column_text][vc_empty_space height=&#8221;22px&#8221;][vc_column_text]<\/p>\n<h2 style=\"text-align: left; line-height: 1;\">Nearby Places<\/h2>\n<p style=\"text-align: left; line-height: 1;\"><strong>Restaurants:<\/strong><\/p>\n<ul>\n<li class=\"qrShPb kno-ecr-pt PZPZlf q8U8x PPT5v hNKfZe\" data-dtype=\"d3ifr\" data-local-attribute=\"d3bn\" data-attrid=\"title\" data-ved=\"2ahUKEwiqo7qq9Kf4AhX9g4kEHVJCCSEQ3B0oAXoECBEQAg\"><a href=\"https:\/\/www.restaurantbuongusto.com\/\" target=\"_blank\" rel=\"noopener\">Restaurant Buon Gusto Inc \u00a0 \u00a0 \u00a0 \u00a0<\/a><\/li>\n<li><a href=\"https:\/\/www.restaurantgalleria.ca\/\" target=\"_blank\" rel=\"noopener\">Galleria<\/a><\/li>\n<li class=\"qrShPb kno-ecr-pt PZPZlf q8U8x PPT5v hNKfZe\" data-dtype=\"d3ifr\" data-local-attribute=\"d3bn\" data-attrid=\"title\" data-ved=\"2ahUKEwiqo7qq9Kf4AhX9g4kEHVJCCSEQ3B0oAXoECBEQAg\"><a href=\"http:\/\/www.bottega.ca\/\" target=\"_blank\" rel=\"noopener\">Bottega Pizzeria<\/a><\/li>\n<li class=\"qrShPb kno-ecr-pt PZPZlf q8U8x PPT5v\" data-dtype=\"d3ifr\" data-local-attribute=\"d3bn\" data-attrid=\"title\" data-ved=\"2ahUKEwjI2M7N9af4AhWyl-AKHZdhAWwQ3B0oAHoECA8QAQ\"><a style=\"background-color: #ffffff;\" href=\"https:\/\/www.leblackforest.ca\/\" target=\"_blank\" rel=\"noopener\">Le Black Forest Laval \u00a0 \u00a0 \u00a0 \u00a0 <\/a><\/li>\n<li class=\"qrShPb kno-ecr-pt PZPZlf q8U8x PPT5v\" data-dtype=\"d3ifr\" data-local-attribute=\"d3bn\" data-attrid=\"title\" data-ved=\"2ahUKEwjI2M7N9af4AhWyl-AKHZdhAWwQ3B0oAHoECA8QAQ\"><a style=\"background-color: #ffffff;\" href=\"http:\/\/brasserielareserve.com\/\" target=\"_blank\" rel=\"noopener\">Brasserie La R\u00e9serve Laval<\/a><\/li>\n<li class=\"qrShPb kno-ecr-pt PZPZlf q8U8x PPT5v\" data-dtype=\"d3ifr\" data-local-attribute=\"d3bn\" data-attrid=\"title\" data-ved=\"2ahUKEwjI2M7N9af4AhWyl-AKHZdhAWwQ3B0oAHoECA8QAQ\"><a href=\"https:\/\/trattoriabellamore.com\/\" target=\"_blank\" rel=\"noopener\">Trattoria Bellamore \u00a0 \u00a0 \u00a0 \u00a0 \u00a0 \u00a0 \u00a0 \u00a0<\/a><\/li>\n<\/ul>\n<p>[\/vc_column_text][vc_empty_space height=&#8221;22px&#8221;][vc_column_text]<strong>Hotels:<\/strong><\/p>\n<ul>\n<li><a href=\"https:\/\/www.lefabreville.com\/\" target=\"_blank\" rel=\"noopener\">Le Fabreville Motel et Suites \u00a0 \u00a0 \u00a0\u00a0<\/a><\/li>\n<li><a href=\"https:\/\/lestmartinlaval.com\/\" target=\"_blank\" rel=\"noopener\">Le St-Martin Hotel &amp; Suites<\/a><\/li>\n<li><a href=\"http:\/\/www.motelideal.com\/index_en.html\" target=\"_blank\" rel=\"noopener\">Motel Ideal<\/a><\/li>\n<li><a href=\"https:\/\/www.hotelolaval.com\/fr-ca\" target=\"_blank\" rel=\"noopener\">H\u00f4tel \u00d4 Suites Laval<\/a><\/li>\n<li><a href=\"https:\/\/www.marriott.com\/en-us\/hotels\/yulls-sheraton-laval-hotel\/overview\/?scid=bb1a189a-fec3-4d19-a255-54ba596febe2&amp;y_source=1_Mjc4MjMwOC03MTUtbG9jYXRpb24ud2Vic2l0ZQ%3D%3D\" target=\"_blank\" rel=\"noopener\">Sheraton Laval Hotel<\/a><\/li>\n<\/ul>\n<p>[\/vc_column_text][vc_empty_space height=&#8221;22px&#8221;][vc_column_text]<strong>Bars:<\/strong><\/p>\n<ul>\n<li><a href=\"https:\/\/www.brasse-rires.com\/\" target=\"_blank\" rel=\"noopener\">Resto Bar Brasse Rires<\/a><a href=\"https:\/\/www.lefabreville.com\/\" target=\"_blank\" rel=\"noopener\"> \u00a0<\/a><\/li>\n<li><a href=\"https:\/\/dallasbaretbouffe.com\/\" target=\"_blank\" rel=\"noopener\">Dallas Bar &amp; Bouffe<\/a><\/li>\n<li><a href=\"https:\/\/www.facebook.com\/barletalon.fabreville.3\" target=\"_blank\" rel=\"noopener\">Bar L&#8217;Etalon Fabreville &#8211; Bar rencontre<\/a><\/li>\n<li><a href=\"http:\/\/brasserielareserve.com\/\" target=\"_blank\" rel=\"noopener\">Brasserie La R\u00e9serve Laval<\/a><\/li>\n<li><a href=\"https:\/\/www.universrestobar.com\/\" target=\"_blank\" rel=\"noopener\">Univers Ristorante Bar<\/a><\/li>\n<\/ul>\n<p>[\/vc_column_text][\/vc_column][\/vc_row][vc_row][vc_column][vc_empty_space][\/vc_column][\/vc_row][vc_row parallax_scroll_effect=&#8221;fixed&#8221; css=&#8221;.vc_custom_1582651910497{background-color: #ffffff !important;}&#8221;][vc_column][vc_row_inner css=&#8221;.vc_custom_1588697466330{background-color: #ff5722 !important;}&#8221; el_class=&#8221;bgblack&#8221;][vc_column_inner][vc_cta h2=&#8221;Asphalt Paving Work Quote Request in Laval&#8221; h2_font_container=&#8221;font_size:30|color:%23ffffff|line_height:1.7&#8243; h2_google_fonts=&#8221;font_family:Oswald%3A300%2Cregular%2C700|font_style:400%20regular%3A400%3Anormal&#8221; txt_align=&#8221;center&#8221; shape=&#8221;square&#8221; style=&#8221;custom&#8221; add_button=&#8221;right&#8221; btn_title=&#8221;Submission Request&#8221; btn_style=&#8221;outline-custom&#8221; btn_outline_custom_color=&#8221;#ffffff&#8221; btn_outline_custom_hover_background=&#8221;#42f900&#8243; btn_outline_custom_hover_text=&#8221;#ffffff&#8221; btn_shape=&#8221;square&#8221; use_custom_fonts_h2=&#8221;true&#8221; el_class=&#8221;bgwhite&#8221; css=&#8221;.vc_custom_1655113474684{background-color: #ff5722 !important;}&#8221; custom_text=&#8221;#ffffff&#8221; btn_link=&#8221;url:https%3A%2F%2Fwww.asphalteelite.com%2Fen%2Fcontact-us%2F|||&#8221;][\/vc_cta][\/vc_column_inner][\/vc_row_inner][\/vc_column][\/vc_row]<\/p>\n<\/div>","protected":false},"excerpt":{"rendered":"<p>[vc_row parallax_scroll_effect=&#8221;fixed&#8221; css=&#8221;.vc_custom_1582651910497{background-color: #ffffff !important;}&#8221;][vc_column][vc_row_inner css=&#8221;.vc_custom_1588696372238{background-color: #ff5722 !important;}&#8221; el_class=&#8221;bgblack&#8221;][vc_column_inner][vc_cta h2=&#8221;Asphalt Paving Work Quote Request in Laval&#8221; h2_font_container=&#8221;font_size:30|color:%23ffffff|line_height:1.7&#8243; h2_google_fonts=&#8221;font_family:Oswald%3A300%2Cregular%2C700|font_style:400%20regular%3A400%3Anormal&#8221; txt_align=&#8221;center&#8221; shape=&#8221;square&#8221; style=&#8221;custom&#8221; add_button=&#8221;right&#8221; btn_title=&#8221;Submission Request&#8221; btn_style=&#8221;outline-custom&#8221; btn_outline_custom_color=&#8221;#ffffff&#8221; btn_outline_custom_hover_background=&#8221;#42f900&#8243; btn_outline_custom_hover_text=&#8221;#ffffff&#8221; btn_shape=&#8221;square&#8221; use_custom_fonts_h2=&#8221;true&#8221; el_class=&#8221;bgwhite&#8221; css=&#8221;.vc_custom_1655113459051{background-color: #ff5722 !important;}&#8221; custom_text=&#8221;#ffffff&#8221; btn_link=&#8221;url:https%3A%2F%2Fwww.asphalteelite.com%2Fen%2Fcontact-us%2F|||&#8221;][\/vc_cta][\/vc_column_inner][\/vc_row_inner][\/vc_column][\/vc_row][vc_row layout=&#8221;boxed&#8221; parallax_scroll_effect=&#8221;fixed&#8221; el_class=&#8221;margin-top-40&#8243;][vc_column width=&#8221;3\/4&#8243;][vc_custom_heading text=&#8221;LAVAL, QUEBEC&#8221; font_container=&#8221;tag:h2|font_size:30|text_align:left|color:%230f0f0f&#8221; use_theme_fonts=&#8221;yes&#8221;][vc_custom_heading text=&#8221;About Our Business&#8221; use_theme_fonts=&#8221;yes&#8221;][vc_empty_space][vc_column_text] If you are looking for a paving [&hellip;]<\/p>\n","protected":false},"author":1,"featured_media":0,"parent":0,"menu_order":0,"comment_status":"closed","ping_status":"closed","template":"","meta":{"pagelayer_contact_templates":[],"_pagelayer_content":"","footnotes":""},"class_list":["post-1252","page","type-page","status-publish","hentry"],"_links":{"self":[{"href":"https:\/\/www.asphalteelite.com\/en\/wp-json\/wp\/v2\/pages\/1252","targetHints":{"allow":["GET"]}}],"collection":[{"href":"https:\/\/www.asphalteelite.com\/en\/wp-json\/wp\/v2\/pages"}],"about":[{"href":"https:\/\/www.asphalteelite.com\/en\/wp-json\/wp\/v2\/types\/page"}],"author":[{"embeddable":true,"href":"https:\/\/www.asphalteelite.com\/en\/wp-json\/wp\/v2\/users\/1"}],"replies":[{"embeddable":true,"href":"https:\/\/www.asphalteelite.com\/en\/wp-json\/wp\/v2\/comments?post=1252"}],"version-history":[{"count":4,"href":"https:\/\/www.asphalteelite.com\/en\/wp-json\/wp\/v2\/pages\/1252\/revisions"}],"predecessor-version":[{"id":4221,"href":"https:\/\/www.asphalteelite.com\/en\/wp-json\/wp\/v2\/pages\/1252\/revisions\/4221"}],"wp:attachment":[{"href":"https:\/\/www.asphalteelite.com\/en\/wp-json\/wp\/v2\/media?parent=1252"}],"curies":[{"name":"wp","href":"https:\/\/api.w.org\/{rel}","templated":true}]}}